{"id":278,"date":"2023-08-20T17:55:40","date_gmt":"2023-08-20T15:55:40","guid":{"rendered":"https:\/\/sg-rasselbandi.ch\/?page_id=278"},"modified":"2026-04-27T08:25:10","modified_gmt":"2026-04-27T06:25:10","slug":"leitbild","status":"publish","type":"page","link":"https:\/\/sg-rasselbandi.ch\/?page_id=278","title":{"rendered":"Leitbild"},"content":{"rendered":"\t\t<div data-elementor-type=\"wp-page\" data-elementor-id=\"278\" class=\"elementor elementor-278\">\n\t\t\t\t<div class=\"elementor-element elementor-element-74b7f8e e-con-full e-flex e-con e-parent\" data-id=\"74b7f8e\" data-element_type=\"container\" data-e-type=\"container\" data-settings=\"{&quot;background_background&quot;:&quot;classic&quot;}\">\n\t\t<div class=\"elementor-element elementor-element-5a73290 e-con-full e-flex e-con e-child\" data-id=\"5a73290\" data-element_type=\"container\" data-e-type=\"container\">\n\t\t\t\t<div class=\"elementor-element elementor-element-6d527a5 elementor-widget elementor-widget-heading\" data-id=\"6d527a5\" data-element_type=\"widget\" data-e-type=\"widget\" data-widget_type=\"heading.default\">\n\t\t\t\t\t<h2 class=\"elementor-heading-title elementor-size-default\">Leitbild  <\/h2>\t\t\t\t<\/div>\n\t\t\t\t<\/div>\n\t\t<div class=\"elementor-element elementor-element-f835968 e-flex e-con-boxed e-con e-child\" data-id=\"f835968\" data-element_type=\"container\" data-e-type=\"container\">\n\t\t\t\t\t<div class=\"e-con-inner\">\n\t\t\t\t<div class=\"elementor-element elementor-element-704a341 elementor-widget elementor-widget-text-editor\" data-id=\"704a341\" data-element_type=\"widget\" data-e-type=\"widget\" data-widget_type=\"text-editor.default\">\n\t\t\t\t\t\t\t\t\t<p><br \/>\u2500\u2500\u2500\u2500\u2500\u2500\u2500\u2500\u2500\u2500\u2500\u2500\u2500\u2500<\/p><p>Oktober 2023<\/p><p>\u2026einfach Kind sein d\u00fcrfen und die Welt mit allen Sinnen spielerisch entdecken.<\/p><p>\u2500\u2500\u2500\u2500\u2500\u2500\u2500\u2500\u2500\u2500\u2500\u2500\u2500\u2500<\/p><p>Vieles kann \u2013 nichts muss<\/p><p>Die p\u00e4dagogischen Aktivit\u00e4ten im spielerischen, musischen und kreativen Bereich sind f\u00fcr die Kinder freiwillig.<\/p><p>So hat das einzelne Kind die M\u00f6glichkeit, sich zur\u00fcck zu ziehen, zu beobachten, seinen eigenen Rhythmus zu leben und auf seine Art am Geschehen teil zu nehmen.<\/p><p>Wir unterst\u00fctzen das Kind in seiner Entwicklung und seinem Tempo.<\/p><p>\u2500\u2500\u2500\u2500\u2500\u2500\u2500\u2500\u2500\u2500\u2500\u2500\u2500\u2500<\/p><p>Das Kind steht im Mittelpunkt<\/p><p>Das Kind tritt in der Spielgruppe in den Kontakt mit meist gleichaltrigen Kindern, schliesst Freundschaften, lernt Konflikte auszutragen und Bezugspersonen zu vertrauen.<\/p><p>\u2500\u2500\u2500\u2500\u2500\u2500\u2500\u2500\u2500\u2500\u2500\u2500\u2500\u2500<\/p><p>Spielzeit ist Lernzeit<\/p><p>In der Spielgruppe Rasselbandi legen wir Wert auf eine gute Balance zwischen gef\u00fchrten Aktivit\u00e4ten und dem \u201eFrei-Spiel\u201c.<\/p><p>Spielen ist die Basis f\u00fcr eine gesunde Entwicklung und Spielen ist der Lebensinhalt kleiner Kinder.<\/p><p>Beim \u00abFreien Spiel\u00bb kommen die eigenen Ideen zum Zug, das soziale Verhalten und die Kommunikation wird gef\u00f6rdert.<\/p><p>Die Kinder lernen, sich gegenseitig mit St\u00e4rken und Schw\u00e4chen zu akzeptieren, aufeinander R\u00fccksicht zu nehmen und einander zu helfen.<\/p><p>Jedes Kind hat die M\u00f6glichkeit sich zur\u00fcckzuziehen, zu beobachten und auf seine Art am \u00abFreien Spiel\u00bb teilzunehmen.<\/p><p>\u2500\u2500\u2500\u2500\u2500\u2500\u2500\u2500\u2500\u2500\u2500\u2500\u2500\u2500<\/p><p>Selber schaffen schafft Selbstvertrauen<\/p><p>Die Spielgruppe Rasselbandi unterst\u00fctzt die Kreativit\u00e4t.<\/p><p>Bei den Gestaltungsangeboten welche freiwillig genutzt werden d\u00fcrfen, arbeiten wir mit verschiedenen Materialien.<\/p><p>Es entstehen keine perfekten Werkarbeiten, denn der Prozess ist wichtiger als das Endprodukt!<\/p><p>\u2500\u2500\u2500\u2500\u2500\u2500\u2500\u2500\u2500\u2500\u2500\u2500\u2500\u2500<\/p><p>Rituale und Regeln geben den Kindern Sicherheit<\/p><p>Wir beginnen die Spielgruppe mit einem Begr\u00fcssungslied, essen Zn\u00fcni miteinander, r\u00e4umen gemeinsam auf und singen ein Schlusslied.<\/p><p>Das sind die festen Rituale in unserer Spielgruppe.<\/p><p>Die restliche Zeit wird meist spontan und mit Einbezug der Jahreszeiten gestaltet.<\/p><p>Nat\u00fcrlich mit ganz viel \u00abFreiem Spiel\u00bb, Lieder singen, tanzen, Fingerverse machen, Geschichten h\u00f6ren, werken, malen etc.<\/p><p>\u2500\u2500\u2500\u2500\u2500\u2500\u2500\u2500\u2500\u2500\u2500\u2500\u2500\u2500<\/p><p>Zusammenarbeit mit dem Kindergarten und div. Fachstellen<\/p><p>Die Zusammenarbeit mit den Kinderg\u00e4rten in Pratteln ist f\u00fcr die Spielgruppe zu einem festen Bestandteil geworden.<\/p><p>Zusammen mit der Gemeinde Pratteln und den Fachpersonen werden regelm\u00e4ssig neue Angebote erarbeitet, um den \u00dcbertritt von der Spielgruppe in den Kindergarten so schonend wie m\u00f6glich zu gestalten.<\/p><p>So sind zum Beispiel die vier Lieder der Brosch\u00fcre \u201eLieder sind Br\u00fccken\u201c ein fester Bestandteil des Spielgruppenalltages.<\/p><p>Ebenso wie der Besuch im Kindergarten mit der Kiga-Jumper Gruppe.<\/p><p>Die Zusammenarbeit mit den Fachstellen wird stetig \u00fcberpr\u00fcft und erg\u00e4nzt.<\/p>\t\t\t\t\t\t\t\t<\/div>\n\t\t\t\t\t<\/div>\n\t\t\t\t<\/div>\n\t\t<div class=\"elementor-element elementor-element-c460bfd e-flex e-con-boxed e-con e-child\" data-id=\"c460bfd\" data-element_type=\"container\" data-e-type=\"container\">\n\t\t\t\t\t<div class=\"e-con-inner\">\n\t\t\t\t<div class=\"elementor-element elementor-element-e32d0b0 elementor-widget elementor-widget-image\" data-id=\"e32d0b0\" data-element_type=\"widget\" data-e-type=\"widget\" data-widget_type=\"image.default\">\n\t\t\t\t\t\t\t\t\t\t\t\t\t\t\t<img fetchpriority=\"high\" decoding=\"async\" width=\"800\" height=\"534\" src=\"https:\/\/sg-rasselbandi.ch\/wp-content\/uploads\/2026\/04\/Kinder-1024x683.png\" class=\"attachment-large size-large wp-image-677\" alt=\"\" srcset=\"https:\/\/sg-rasselbandi.ch\/wp-content\/uploads\/2026\/04\/Kinder-1024x683.png 1024w, https:\/\/sg-rasselbandi.ch\/wp-content\/uploads\/2026\/04\/Kinder-300x200.png 300w, https:\/\/sg-rasselbandi.ch\/wp-content\/uploads\/2026\/04\/Kinder-768x512.png 768w, https:\/\/sg-rasselbandi.ch\/wp-content\/uploads\/2026\/04\/Kinder.png 1536w\" sizes=\"(max-width: 800px) 100vw, 800px\" \/>\t\t\t\t\t\t\t\t\t\t\t\t\t\t\t<\/div>\n\t\t\t\t\t<\/div>\n\t\t\t\t<\/div>\n\t\t\t\t<\/div>\n\t\t\t\t<\/div>\n\t\t","protected":false},"excerpt":{"rendered":"<p>Leitbild \u2500\u2500\u2500\u2500\u2500\u2500\u2500\u2500\u2500\u2500\u2500\u2500\u2500\u2500 Oktober 2023 \u2026einfach Kind sein d\u00fcrfen und die Welt mit allen Sinnen spielerisch entdecken. \u2500\u2500\u2500\u2500\u2500\u2500\u2500\u2500\u2500\u2500\u2500\u2500\u2500\u2500 Vieles kann \u2013 nichts muss Die p\u00e4dagogischen Aktivit\u00e4ten im spielerischen, musischen und kreativen Bereich sind f\u00fcr die Kinder freiwillig. So hat das einzelne Kind die M\u00f6glichkeit, sich zur\u00fcck zu ziehen, zu beobachten, seinen eigenen Rhythmus zu leben und [&hellip;]<\/p>\n","protected":false},"author":1,"featured_media":0,"parent":0,"menu_order":0,"comment_status":"closed","ping_status":"closed","template":"","meta":{"_crdt_document":"","footnotes":""},"class_list":["post-278","page","type-page","status-publish","hentry"],"_links":{"self":[{"href":"https:\/\/sg-rasselbandi.ch\/index.php?rest_route=\/wp\/v2\/pages\/278","targetHints":{"allow":["GET"]}}],"collection":[{"href":"https:\/\/sg-rasselbandi.ch\/index.php?rest_route=\/wp\/v2\/pages"}],"about":[{"href":"https:\/\/sg-rasselbandi.ch\/index.php?rest_route=\/wp\/v2\/types\/page"}],"author":[{"embeddable":true,"href":"https:\/\/sg-rasselbandi.ch\/index.php?rest_route=\/wp\/v2\/users\/1"}],"replies":[{"embeddable":true,"href":"https:\/\/sg-rasselbandi.ch\/index.php?rest_route=%2Fwp%2Fv2%2Fcomments&post=278"}],"version-history":[{"count":39,"href":"https:\/\/sg-rasselbandi.ch\/index.php?rest_route=\/wp\/v2\/pages\/278\/revisions"}],"predecessor-version":[{"id":1616,"href":"https:\/\/sg-rasselbandi.ch\/index.php?rest_route=\/wp\/v2\/pages\/278\/revisions\/1616"}],"wp:attachment":[{"href":"https:\/\/sg-rasselbandi.ch\/index.php?rest_route=%2Fwp%2Fv2%2Fmedia&parent=278"}],"curies":[{"name":"wp","href":"https:\/\/api.w.org\/{rel}","templated":true}]}}