{"id":61,"date":"2023-08-07T03:02:51","date_gmt":"2023-08-07T01:02:51","guid":{"rendered":"https:\/\/sg-rasselbandi.ch\/?page_id=61"},"modified":"2023-08-18T08:33:43","modified_gmt":"2023-08-18T06:33:43","slug":"kiga-jamper","status":"publish","type":"page","link":"https:\/\/sg-rasselbandi.ch\/?page_id=61","title":{"rendered":"Kiga-Jumper"},"content":{"rendered":"\t\t<div data-elementor-type=\"wp-page\" data-elementor-id=\"61\" class=\"elementor elementor-61\">\n\t\t\t\t<div class=\"elementor-element elementor-element-8c9c6b3 e-con-full e-flex e-con e-parent\" data-id=\"8c9c6b3\" data-element_type=\"container\" data-e-type=\"container\">\n\t\t\t\t<div class=\"elementor-element elementor-element-827a8f8 elementor-widget elementor-widget-image\" data-id=\"827a8f8\" data-element_type=\"widget\" data-e-type=\"widget\" data-widget_type=\"image.default\">\n\t\t\t\t\t\t\t\t\t\t\t\t\t\t\t<img decoding=\"async\" width=\"150\" height=\"150\" src=\"https:\/\/sg-rasselbandi.ch\/wp-content\/uploads\/2023\/08\/cropped-Rasselbande_Logo_farbig.pdf_page_1_1-150x150.jpg\" class=\"attachment-thumbnail size-thumbnail wp-image-59\" alt=\"\" srcset=\"https:\/\/sg-rasselbandi.ch\/wp-content\/uploads\/2023\/08\/cropped-Rasselbande_Logo_farbig.pdf_page_1_1-150x150.jpg 150w, https:\/\/sg-rasselbandi.ch\/wp-content\/uploads\/2023\/08\/cropped-Rasselbande_Logo_farbig.pdf_page_1_1-300x300.jpg 300w, https:\/\/sg-rasselbandi.ch\/wp-content\/uploads\/2023\/08\/cropped-Rasselbande_Logo_farbig.pdf_page_1_1-270x270.jpg 270w, https:\/\/sg-rasselbandi.ch\/wp-content\/uploads\/2023\/08\/cropped-Rasselbande_Logo_farbig.pdf_page_1_1-192x192.jpg 192w, https:\/\/sg-rasselbandi.ch\/wp-content\/uploads\/2023\/08\/cropped-Rasselbande_Logo_farbig.pdf_page_1_1-180x180.jpg 180w, https:\/\/sg-rasselbandi.ch\/wp-content\/uploads\/2023\/08\/cropped-Rasselbande_Logo_farbig.pdf_page_1_1-32x32.jpg 32w, https:\/\/sg-rasselbandi.ch\/wp-content\/uploads\/2023\/08\/cropped-Rasselbande_Logo_farbig.pdf_page_1_1.jpg 512w\" sizes=\"(max-width: 150px) 100vw, 150px\" \/>\t\t\t\t\t\t\t\t\t\t\t\t\t\t\t<\/div>\n\t\t\t\t<\/div>\n\t\t<div class=\"elementor-element elementor-element-4721110 e-flex e-con-boxed e-con e-parent\" data-id=\"4721110\" data-element_type=\"container\" data-e-type=\"container\">\n\t\t\t\t\t<div class=\"e-con-inner\">\n\t\t\t\t<div class=\"elementor-element elementor-element-86c88fa elementor-widget elementor-widget-text-editor\" data-id=\"86c88fa\" data-element_type=\"widget\" data-e-type=\"widget\" data-widget_type=\"text-editor.default\">\n\t\t\t\t\t\t\t\t\t<p><strong>KiGa-Jumper<\/strong><\/p><p>Grundlegendes:<\/p><p>Die KiGa-Jumper richtet sich an Kinder, die ein Jahr vor dem Kindergarteneintritt stehen. Die Pl\u00e4tze sind beschr\u00e4nk und bedingt, dass das Kind an einem weiteren Tag (also insgesamt 2 Tage) pro Woche anwesend ist. Die Anzahlt der Pl\u00e4tze ist auf 10 Kinder beschr\u00e4nkt<\/p>\t\t\t\t\t\t\t\t<\/div>\n\t\t\t\t\t<\/div>\n\t\t\t\t<\/div>\n\t\t<div class=\"elementor-element elementor-element-e8baee8 e-flex e-con-boxed e-con e-parent\" data-id=\"e8baee8\" data-element_type=\"container\" data-e-type=\"container\">\n\t\t\t\t\t<div class=\"e-con-inner\">\n\t\t<div class=\"elementor-element elementor-element-0544e46 e-con-full e-flex e-con e-child\" data-id=\"0544e46\" data-element_type=\"container\" data-e-type=\"container\">\n\t\t\t\t<div class=\"elementor-element elementor-element-95cadd2 elementor-widget elementor-widget-image\" data-id=\"95cadd2\" data-element_type=\"widget\" data-e-type=\"widget\" data-widget_type=\"image.default\">\n\t\t\t\t\t\t\t\t\t\t\t\t\t\t\t<img fetchpriority=\"high\" decoding=\"async\" width=\"605\" height=\"454\" src=\"https:\/\/sg-rasselbandi.ch\/wp-content\/uploads\/2023\/08\/Bild3.jpg\" class=\"attachment-large size-large wp-image-63\" alt=\"\" srcset=\"https:\/\/sg-rasselbandi.ch\/wp-content\/uploads\/2023\/08\/Bild3.jpg 605w, https:\/\/sg-rasselbandi.ch\/wp-content\/uploads\/2023\/08\/Bild3-300x225.jpg 300w\" sizes=\"(max-width: 605px) 100vw, 605px\" \/>\t\t\t\t\t\t\t\t\t\t\t\t\t\t\t<\/div>\n\t\t\t\t<\/div>\n\t\t<div class=\"elementor-element elementor-element-804d78d e-con-full e-flex e-con e-child\" data-id=\"804d78d\" data-element_type=\"container\" data-e-type=\"container\">\n\t\t\t\t<div class=\"elementor-element elementor-element-b3b2a0f elementor-widget elementor-widget-image\" data-id=\"b3b2a0f\" data-element_type=\"widget\" data-e-type=\"widget\" data-widget_type=\"image.default\">\n\t\t\t\t\t\t\t\t\t\t\t\t\t\t\t<img decoding=\"async\" width=\"225\" height=\"169\" src=\"https:\/\/sg-rasselbandi.ch\/wp-content\/uploads\/2023\/08\/Bild4.jpg\" class=\"attachment-large size-large wp-image-64\" alt=\"\" \/>\t\t\t\t\t\t\t\t\t\t\t\t\t\t\t<\/div>\n\t\t\t\t<\/div>\n\t\t\t\t\t<\/div>\n\t\t\t\t<\/div>\n\t\t<div class=\"elementor-element elementor-element-28bb404 e-flex e-con-boxed e-con e-parent\" data-id=\"28bb404\" data-element_type=\"container\" data-e-type=\"container\">\n\t\t\t\t\t<div class=\"e-con-inner\">\n\t\t\t\t\t<\/div>\n\t\t\t\t<\/div>\n\t\t\t\t<\/div>\n\t\t","protected":false},"excerpt":{"rendered":"<p>KiGa-Jumper Grundlegendes: Die KiGa-Jumper richtet sich an Kinder, die ein Jahr vor dem Kindergarteneintritt stehen. Die Pl\u00e4tze sind beschr\u00e4nk und bedingt, dass das Kind an einem weiteren Tag (also insgesamt 2 Tage) pro Woche anwesend ist. Die Anzahlt der Pl\u00e4tze ist auf 10 Kinder beschr\u00e4nkt<\/p>\n","protected":false},"author":1,"featured_media":0,"parent":0,"menu_order":0,"comment_status":"closed","ping_status":"closed","template":"","meta":{"_crdt_document":"","footnotes":""},"class_list":["post-61","page","type-page","status-publish","hentry"],"_links":{"self":[{"href":"https:\/\/sg-rasselbandi.ch\/index.php?rest_route=\/wp\/v2\/pages\/61","targetHints":{"allow":["GET"]}}],"collection":[{"href":"https:\/\/sg-rasselbandi.ch\/index.php?rest_route=\/wp\/v2\/pages"}],"about":[{"href":"https:\/\/sg-rasselbandi.ch\/index.php?rest_route=\/wp\/v2\/types\/page"}],"author":[{"embeddable":true,"href":"https:\/\/sg-rasselbandi.ch\/index.php?rest_route=\/wp\/v2\/users\/1"}],"replies":[{"embeddable":true,"href":"https:\/\/sg-rasselbandi.ch\/index.php?rest_route=%2Fwp%2Fv2%2Fcomments&post=61"}],"version-history":[{"count":0,"href":"https:\/\/sg-rasselbandi.ch\/index.php?rest_route=\/wp\/v2\/pages\/61\/revisions"}],"wp:attachment":[{"href":"https:\/\/sg-rasselbandi.ch\/index.php?rest_route=%2Fwp%2Fv2%2Fmedia&parent=61"}],"curies":[{"name":"wp","href":"https:\/\/api.w.org\/{rel}","templated":true}]}}