{"id":9,"date":"2023-08-07T01:59:29","date_gmt":"2023-08-06T23:59:29","guid":{"rendered":"https:\/\/sg-rasselbandi.ch\/?page_id=9"},"modified":"2026-05-02T15:13:19","modified_gmt":"2026-05-02T13:13:19","slug":"startseite","status":"publish","type":"page","link":"https:\/\/sg-rasselbandi.ch\/","title":{"rendered":"Startseite"},"content":{"rendered":"\t\t<div data-elementor-type=\"wp-page\" data-elementor-id=\"9\" class=\"elementor elementor-9\">\n\t\t\t\t<div class=\"elementor-element elementor-element-4918a20 e-con-full e-flex e-con e-parent\" data-id=\"4918a20\" data-element_type=\"container\" data-e-type=\"container\" data-settings=\"{&quot;background_background&quot;:&quot;classic&quot;}\">\n\t\t<div class=\"elementor-element elementor-element-3a19f93 e-flex e-con-boxed e-con e-child\" data-id=\"3a19f93\" data-element_type=\"container\" data-e-type=\"container\">\n\t\t\t\t\t<div class=\"e-con-inner\">\n\t\t\t\t<div class=\"elementor-element elementor-element-a49bc8b elementor-widget elementor-widget-heading\" data-id=\"a49bc8b\" data-element_type=\"widget\" data-e-type=\"widget\" data-widget_type=\"heading.default\">\n\t\t\t\t\t<h2 class=\"elementor-heading-title elementor-size-default\">Willkommen bei der Spielgruppe Rasselbandi <\/h2>\t\t\t\t<\/div>\n\t\t\t\t\t<\/div>\n\t\t\t\t<\/div>\n\t\t<div class=\"elementor-element elementor-element-9f601fd e-con-full e-flex e-con e-child\" data-id=\"9f601fd\" data-element_type=\"container\" data-e-type=\"container\" data-settings=\"{&quot;background_background&quot;:&quot;classic&quot;}\">\n\t\t\t\t<div class=\"elementor-element elementor-element-0fd0c33 elementor-widget elementor-widget-text-editor\" data-id=\"0fd0c33\" data-element_type=\"widget\" data-e-type=\"widget\" data-widget_type=\"text-editor.default\">\n\t\t\t\t\t\t\t\t\t<p><span style=\"color: #ffffff;\">AKTUELL:<\/span><\/p><p><span style=\"color: #ffffff;\">Freie Pl\u00e4tze f\u00fcr das Spielgruppenjahr 2026\/2027 verf\u00fcgbar<\/span><\/p><p>\u2026einfach Kind sein d\u00fcrfen und die Welt mit allen Sinnen entdecken.<\/p><p>VIELES\u00a0 KANN\u00a0 \u2013\u00a0 NICHTS MUSS<\/p><p>Die p\u00e4dagogischen Aktivit\u00e4ten im spielerischen, musischen, sozialen und kreativen Bereich sind f\u00fcr die Kinder freiwillig, so dass das Kind die M\u00f6glichkeit hat, sich zur\u00fcck zu ziehen, zu beobachten, seinen eigenen Rhythmus zu leben und auf seine Art am Geschehen teilzunehmen.<\/p><p>Unser Angebot richtet sich an Kinder ab 2 Jahren (ausser Dienstag Nachmittag und Donnerstag Nachmitag) bis zum Kindergarteneintritt. Sollte Ihr Kind noch Windeln tragen, ist das absolut kein Problem.<\/p>\t\t\t\t\t\t\t\t<\/div>\n\t\t\t\t<\/div>\n\t\t<div class=\"elementor-element elementor-element-d7f023c e-con-full e-flex e-con e-child\" data-id=\"d7f023c\" data-element_type=\"container\" data-e-type=\"container\">\n\t\t\t\t<div class=\"elementor-element elementor-element-7ed5cb3 elementor-widget elementor-widget-image\" data-id=\"7ed5cb3\" data-element_type=\"widget\" data-e-type=\"widget\" data-widget_type=\"image.default\">\n\t\t\t\t\t\t\t\t\t\t\t\t\t\t\t<img fetchpriority=\"high\" decoding=\"async\" width=\"800\" height=\"534\" src=\"https:\/\/sg-rasselbandi.ch\/wp-content\/uploads\/2026\/04\/Kinder-1024x683.png\" class=\"attachment-large size-large wp-image-677\" alt=\"\" srcset=\"https:\/\/sg-rasselbandi.ch\/wp-content\/uploads\/2026\/04\/Kinder-1024x683.png 1024w, https:\/\/sg-rasselbandi.ch\/wp-content\/uploads\/2026\/04\/Kinder-300x200.png 300w, https:\/\/sg-rasselbandi.ch\/wp-content\/uploads\/2026\/04\/Kinder-768x512.png 768w, https:\/\/sg-rasselbandi.ch\/wp-content\/uploads\/2026\/04\/Kinder.png 1536w\" sizes=\"(max-width: 800px) 100vw, 800px\" \/>\t\t\t\t\t\t\t\t\t\t\t\t\t\t\t<\/div>\n\t\t\t\t<\/div>\n\t\t\t\t<\/div>\n\t\t\t\t<\/div>\n\t\t","protected":false},"excerpt":{"rendered":"<p>Willkommen bei der Spielgruppe Rasselbandi AKTUELL: Freie Pl\u00e4tze f\u00fcr das Spielgruppenjahr 2026\/2027 verf\u00fcgbar \u2026einfach Kind sein d\u00fcrfen und die Welt mit allen Sinnen entdecken. VIELES\u00a0 KANN\u00a0 \u2013\u00a0 NICHTS MUSS Die p\u00e4dagogischen Aktivit\u00e4ten im spielerischen, musischen, sozialen und kreativen Bereich sind f\u00fcr die Kinder freiwillig, so dass das Kind die M\u00f6glichkeit hat, sich zur\u00fcck zu ziehen, [&hellip;]<\/p>\n","protected":false},"author":1,"featured_media":0,"parent":0,"menu_order":0,"comment_status":"closed","ping_status":"closed","template":"","meta":{"_crdt_document":"{\"document\":\"AAAQ4anI+RkOoOqzwRihqcj5GQ0IFpAmAQIMAgECCkpGACUoAycABAAnAAQAJwAoBCcAKAIhACgAJwAHACgDJwAoACcAIQCogw3VDHN0YXRldmVyc2lvbmRvY3VtZW50ZGF0ZWRvY3VtZW50c2x1Z2RvY3VtZW50c3RhdHVzZG9jdW1lbnR0aXRsZVN0YXJ0c2VpdGVkb2N1bWVudGNvbnRlbnQ8aDI+V2lsbGtvbW1lbiBiZWkgZGVyIFNwaWVsZ3J1cHBlIFJhc3NlbGJhbmRpICAgPC9oMj4JCTxwPkFLVFVFTEw6PC9wPjxwPkZyZWllIFBsw6R0emUgZsO8ciBkYXMgU3BpZWxncnVwcGVuamFociAyMDI2LzIwMjcgdmVyZsO8Z2JhcjwvcD48cD7igKZlaW5mYWNoIEtpbmQgc2VpbiBkw7xyZmVuIHVuZCBkaWUgV2VsdCBtaXQgYWxsZW4gU2lubmVuIGVudGRlY2tlbi48L3A+PHA+VklFTEVTwqAgS0FOTsKgIOKAk8KgIE5JQ0hUUyBNVVNTPC9wPjxwPkRpZSBww6RkYWdvZ2lzY2hlbiBBa3Rpdml0w6R0ZW4gaW0gc3BpZWxlcmlzY2hlbiwgbXVzaXNjaGVuLCBzb3ppYWxlbiB1bmQga3JlYXRpdmVuIEJlcmVpY2ggc2luZCBmw7xyIGRpZSBLaW5kZXIgZnJlaXdpbGxpZywgc28gZGFzcyBkYXMgS2luZCBkaWUgTcO2Z2xpY2hrZWl0IGhhdCwgc2ljaCB6dXLDvGNrIHp1IHppZWhlbiwgenUgYmVvYmFjaHRlbiwgc2VpbmVuIGVpZ2VuZW4gUmh5dGhtdXMgenUgbGViZW4gdW5kIGF1ZiBzZWluZSBBcnQgYW0gR2VzY2hlaGVuIHRlaWx6dW5laG1lbi48L3A+PHA+VW5zZXIgQW5nZWJvdCByaWNodGV0IHNpY2ggYW4gS2luZGVyIGFiIDIgSmFocmVuIChhdXNzZXIgRGllbnN0YWcgTmFjaG1pdHRhZyB1bmQgRG9ubmVyc3RhZyBOYWNobWl0YWcpIGJpcyB6dW0gS2luZGVyZ2FydGVuZWludHJpdHQuIFNvbGx0ZSBJaHIgS2luZCBub2NoIFdpbmRlbG4gdHJhZ2VuLCBpc3QgZGFzIGFic29sdXQga2VpbiBQcm9ibGVtLjwvcD4JCQkJCQkJCQkJCQkJPGltZyB3aWR0aD0iODAwIiBoZWlnaHQ9IjUzNCIgc3JjPSJodHRwczovL3NnLXJhc3NlbGJhbmRpLmNoL3dwLWNvbnRlbnQvdXBsb2Fkcy8yMDI2LzA0L0tpbmRlci0xMDI0eDY4My5wbmciIGFsdD0iIiBzcmNzZXQ9Imh0dHBzOi8vc2ctcmFzc2VsYmFuZGkuY2gvd3AtY29udGVudC91cGxvYWRzLzIwMjYvMDQvS2luZGVyLTEwMjR4NjgzLnBuZyAxMDI0dywgaHR0cHM6Ly9zZy1yYXNzZWxiYW5kaS5jaC93cC1jb250ZW50L3VwbG9hZHMvMjAyNi8wNC9LaW5kZXItMzAweDIwMC5wbmcgMzAwdywgaHR0cHM6Ly9zZy1yYXNzZWxiYW5kaS5jaC93cC1jb250ZW50L3VwbG9hZHMvMjAyNi8wNC9LaW5kZXItNzY4eDUxMi5wbmcgNzY4dywgaHR0cHM6Ly9zZy1yYXNzZWxiYW5kaS5jaC93cC1jb250ZW50L3VwbG9hZHMvMjAyNi8wNC9LaW5kZXIucG5nIDE1MzZ3IiBzaXplcz0iKG1heC13aWR0aDogODAwcHgpIDEwMHZ3LCA4MDBweCIgLz5kb2N1bWVudGV4Y2VycHRkb2N1bWVudGF1dGhvcmRvY3VtZW50ZmVhdHVyZWRfbWVkaWFkb2N1bWVudGNvbW1lbnRfc3RhdHVzZG9jdW1lbnRwaW5nX3N0YXR1c2RvY3VtZW50dGVtcGxhdGVkb2N1bWVudG1ldGFmb290bm90ZXNfZWxlbWVudG9yX2VkaXRfbW9kZV9lbGVtZW50b3JfdGVtcGxhdGVfdHlwZV9lbGVtZW50b3JfZGF0YV9lbGVtZW50b3JfcGFnZV9zZXR0aW5nc2RvY3VtZW50YmxvY2tzY2xpZW50SWRpc1ZhbGlkb3JpZ2luYWxDb250ZW50bmFtZWF0dHJpYnV0ZXNjb250ZW50aW5uZXJCbG9ja3NzdGF0ZXZlcnNpb24FBwgECAQIBggFCggHgRMIBwgGCA4IDggLSAEECRQYDxgIBggHDwQKBwsFBxEBBAAAAQAAAAEGAAQBAAAHAQdCAQEAQQAAAkETAh0AfQF3EzIwMjMtMDgtMDdUMDE6NTk6Mjl3CnN0YXJ0c2VpdGV3B3B1Ymxpc2h9AX0AdwZjbG9zZWR3BmNsb3NlZHcAdwB3B2J1aWxkZXJ3B3dwLXBhZ2V+dyQzMTQ5NWMwZC0xNDZjLTQzNzctOWNmOS0xZjZlYmFiYzFkY2F4d90JPGgyPldpbGxrb21tZW4gYmVpIGRlciBTcGllbGdydXBwZSBSYXNzZWxiYW5kaSAgIDwvaDI+CjxwPkFLVFVFTEw6PC9wPgo8cD5GcmVpZSBQbMOkdHplIGbDvHIgZGFzIFNwaWVsZ3J1cHBlbmphaHIgMjAyNi8yMDI3IHZlcmbDvGdiYXI8L3A+CjxwPuKApmVpbmZhY2ggS2luZCBzZWluIGTDvHJmZW4gdW5kIGRpZSBXZWx0IG1pdCBhbGxlbiBTaW5uZW4gZW50ZGVja2VuLjwvcD4KPHA+VklFTEVTwqAgS0FOTsKgIOKAk8KgIE5JQ0hUUyBNVVNTPC9wPgo8cD5EaWUgcMOkZGFnb2dpc2NoZW4gQWt0aXZpdMOkdGVuIGltIHNwaWVsZXJpc2NoZW4sIG11c2lzY2hlbiwgc296aWFsZW4gdW5kIGtyZWF0aXZlbiBCZXJlaWNoIHNpbmQgZsO8ciBkaWUgS2luZGVyIGZyZWl3aWxsaWcsIHNvIGRhc3MgZGFzIEtpbmQgZGllIE3DtmdsaWNoa2VpdCBoYXQsIHNpY2ggenVyw7xjayB6dSB6aWVoZW4sIHp1IGJlb2JhY2h0ZW4sIHNlaW5lbiBlaWdlbmVuIFJoeXRobXVzIHp1IGxlYmVuIHVuZCBhdWYgc2VpbmUgQXJ0IGFtIEdlc2NoZWhlbiB0ZWlsenVuZWhtZW4uPC9wPgo8cD5VbnNlciBBbmdlYm90IHJpY2h0ZXQgc2ljaCBhbiBLaW5kZXIgYWIgMiBKYWhyZW4gKGF1c3NlciBEaWVuc3RhZyBOYWNobWl0dGFnIHVuZCBEb25uZXJzdGFnIE5hY2htaXRhZykgYmlzIHp1bSBLaW5kZXJnYXJ0ZW5laW50cml0dC4gU29sbHRlIElociBLaW5kIG5vY2ggV2luZGVsbiB0cmFnZW4sIGlzdCBkYXMgYWJzb2x1dCBrZWluIFByb2JsZW0uPC9wPgo8cD4JCQkJCQkJCQkJCQkJPGltZyB3aWR0aD0iODAwIiBoZWlnaHQ9IjUzNCIgc3JjPSJodHRwczovL3NnLXJhc3NlbGJhbmRpLmNoL3dwLWNvbnRlbnQvdXBsb2Fkcy8yMDI2LzA0L0tpbmRlci0xMDI0eDY4My5wbmciIGFsdD0iIiBzcmNzZXQ9Imh0dHBzOi8vc2ctcmFzc2VsYmFuZGkuY2gvd3AtY29udGVudC91cGxvYWRzLzIwMjYvMDQvS2luZGVyLTEwMjR4NjgzLnBuZyAxMDI0dywgaHR0cHM6Ly9zZy1yYXNzZWxiYW5kaS5jaC93cC1jb250ZW50L3VwbG9hZHMvMjAyNi8wNC9LaW5kZXItMzAweDIwMC5wbmcgMzAwdywgaHR0cHM6Ly9zZy1yYXNzZWxiYW5kaS5jaC93cC1jb250ZW50L3VwbG9hZHMvMjAyNi8wNC9LaW5kZXItNzY4eDUxMi5wbmcgNzY4dywgaHR0cHM6Ly9zZy1yYXNzZWxiYW5kaS5jaC93cC1jb250ZW50L3VwbG9hZHMvMjAyNi8wNC9LaW5kZXIucG5nIDE1MzZ3IiBzaXplcz0iKG1heC13aWR0aDogODAwcHgpIDEwMHZ3LCA4MDBweCIgLz48L3A+dw1jb3JlL2ZyZWVmb3Jtd90JPGgyPldpbGxrb21tZW4gYmVpIGRlciBTcGllbGdydXBwZSBSYXNzZWxiYW5kaSAgIDwvaDI+CjxwPkFLVFVFTEw6PC9wPgo8cD5GcmVpZSBQbMOkdHplIGbDvHIgZGFzIFNwaWVsZ3J1cHBlbmphaHIgMjAyNi8yMDI3IHZlcmbDvGdiYXI8L3A+CjxwPuKApmVpbmZhY2ggS2luZCBzZWluIGTDvHJmZW4gdW5kIGRpZSBXZWx0IG1pdCBhbGxlbiBTaW5uZW4gZW50ZGVja2VuLjwvcD4KPHA+VklFTEVTwqAgS0FOTsKgIOKAk8KgIE5JQ0hUUyBNVVNTPC9wPgo8cD5EaWUgcMOkZGFnb2dpc2NoZW4gQWt0aXZpdMOkdGVuIGltIHNwaWVsZXJpc2NoZW4sIG11c2lzY2hlbiwgc296aWFsZW4gdW5kIGtyZWF0aXZlbiBCZXJlaWNoIHNpbmQgZsO8ciBkaWUgS2luZGVyIGZyZWl3aWxsaWcsIHNvIGRhc3MgZGFzIEtpbmQgZGllIE3DtmdsaWNoa2VpdCBoYXQsIHNpY2ggenVyw7xjayB6dSB6aWVoZW4sIHp1IGJlb2JhY2h0ZW4sIHNlaW5lbiBlaWdlbmVuIFJoeXRobXVzIHp1IGxlYmVuIHVuZCBhdWYgc2VpbmUgQXJ0IGFtIEdlc2NoZWhlbiB0ZWlsenVuZWhtZW4uPC9wPgo8cD5VbnNlciBBbmdlYm90IHJpY2h0ZXQgc2ljaCBhbiBLaW5kZXIgYWIgMiBKYWhyZW4gKGF1c3NlciBEaWVuc3RhZyBOYWNobWl0dGFnIHVuZCBEb25uZXJzdGFnIE5hY2htaXRhZykgYmlzIHp1bSBLaW5kZXJnYXJ0ZW5laW50cml0dC4gU29sbHRlIElociBLaW5kIG5vY2ggV2luZGVsbiB0cmFnZW4sIGlzdCBkYXMgYWJzb2x1dCBrZWluIFByb2JsZW0uPC9wPgo8cD4JCQkJCQkJCQkJCQkJPGltZyB3aWR0aD0iODAwIiBoZWlnaHQ9IjUzNCIgc3JjPSJodHRwczovL3NnLXJhc3NlbGJhbmRpLmNoL3dwLWNvbnRlbnQvdXBsb2Fkcy8yMDI2LzA0L0tpbmRlci0xMDI0eDY4My5wbmciIGFsdD0iIiBzcmNzZXQ9Imh0dHBzOi8vc2ctcmFzc2VsYmFuZGkuY2gvd3AtY29udGVudC91cGxvYWRzLzIwMjYvMDQvS2luZGVyLTEwMjR4NjgzLnBuZyAxMDI0dywgaHR0cHM6Ly9zZy1yYXNzZWxiYW5kaS5jaC93cC1jb250ZW50L3VwbG9hZHMvMjAyNi8wNC9LaW5kZXItMzAweDIwMC5wbmcgMzAwdywgaHR0cHM6Ly9zZy1yYXNzZWxiYW5kaS5jaC93cC1jb250ZW50L3VwbG9hZHMvMjAyNi8wNC9LaW5kZXItNzY4eDUxMi5wbmcgNzY4dywgaHR0cHM6Ly9zZy1yYXNzZWxiYW5kaS5jaC93cC1jb250ZW50L3VwbG9hZHMvMjAyNi8wNC9LaW5kZXIucG5nIDE1MzZ3IiBzaXplcz0iKG1heC13aWR0aDogODAwcHgpIDEwMHZ3LCA4MDBweCIgLz48L3A+AgB3tytbeyJpZCI6IjQ5MThhMjAiLCJlbFR5cGUiOiJjb250YWluZXIiLCJzZXR0aW5ncyI6eyJmbGV4X2RpcmVjdGlvbiI6ImNvbHVtbiIsImNvbnRlbnRfd2lkdGgiOiJmdWxsIiwid2lkdGgiOnsidW5pdCI6IiUiLCJzaXplIjoxMDAsInNpemVzIjpbXX0sIm1pbl9oZWlnaHQiOnsidW5pdCI6InZoIiwic2l6ZSI6MTAwLCJzaXplcyI6W119LCJtaW5faGVpZ2h0X3RhYmxldCI6eyJ1bml0IjoidmgiLCJzaXplIjoiIiwic2l6ZXMiOltdfSwibWluX2hlaWdodF9tb2JpbGUiOnsidW5pdCI6InZoIiwic2l6ZSI6IiIsInNpemVzIjpbXX0sImZsZXhfanVzdGlmeV9jb250ZW50IjoiY2VudGVyIiwiZmxleF9hbGlnbl9pdGVtcyI6ImNlbnRlciIsImZsZXhfZ2FwIjp7ImNvbHVtbiI6IjMwIiwicm93IjoiMzAiLCJpc0xpbmtlZCI6dHJ1ZSwidW5pdCI6InB4Iiwic2l6ZSI6MzB9LCJmbGV4X3dyYXAiOiJub3dyYXAiLCJiYWNrZ3JvdW5kX2JhY2tncm91bmQiOiJjbGFzc2ljIiwiYmFja2dyb3VuZF9pbWFnZSI6eyJ1cmwiOiJodHRwczpcL1wvc2ctcmFzc2VsYmFuZGkuY2hcL3dwLWNvbnRlbnRcL3VwbG9hZHNcLzIwMjZcLzA0XC9IaW50ZXJncnVuZERlc2t0b3AucG5nIiwiaWQiOjY3MCwic2l6ZSI6IiIsImFsdCI6IiIsInNvdXJjZSI6ImxpYnJhcnkifSwiYmFja2dyb3VuZF9pbWFnZV90YWJsZXQiOnsidXJsIjoiaHR0cHM6XC9cL3NnLXJhc3NlbGJhbmRpLmNoXC93cC1jb250ZW50XC91cGxvYWRzXC8yMDI2XC8wNFwvcmFzc2VsYmFuZGVfdGFibGV0LnBuZyIsImlkIjo2NzEsInNpemUiOiIiLCJhbHQiOiIiLCJzb3VyY2UiOiJsaWJyYXJ5In0sImJhY2tncm91bmRfaW1hZ2VfbW9iaWxlIjp7InVybCI6Imh0dHBzOlwvXC9zZy1yYXNzZWxiYW5kaS5jaFwvd3AtY29udGVudFwvdXBsb2Fkc1wvMjAyNlwvMDRcL0hpbnRlcmdydW5kSGFuZHkucG5nIiwiaWQiOjY3Miwic2l6ZSI6IiIsImFsdCI6IiIsInNvdXJjZSI6ImxpYnJhcnkifSwiYmFja2dyb3VuZF9wb3NpdGlvbiI6ImNlbnRlciBjZW50ZXIiLCJiYWNrZ3JvdW5kX3Bvc2l0aW9uX3RhYmxldCI6ImNlbnRlciBjZW50ZXIiLCJiYWNrZ3JvdW5kX3Bvc2l0aW9uX21vYmlsZSI6InRvcCByaWdodCIsImJhY2tncm91bmRfcmVwZWF0Ijoibm8tcmVwZWF0IiwiYmFja2dyb3VuZF9yZXBlYXRfdGFibGV0Ijoibm8tcmVwZWF0IiwiYmFja2dyb3VuZF9yZXBlYXRfbW9iaWxlIjoibm8tcmVwZWF0IiwiYmFja2dyb3VuZF9zaXplIjoiY292ZXIiLCJiYWNrZ3JvdW5kX3NpemVfdGFibGV0IjoiY292ZXIiLCJiYWNrZ3JvdW5kX3NpemVfbW9iaWxlIjoiY292ZXIifSwiZWxlbWVudHMiOlt7ImlkIjoiM2ExOWY5MyIsImVsVHlwZSI6ImNvbnRhaW5lciIsInNldHRpbmdzIjp7ImJveGVkX3dpZHRoIjp7InVuaXQiOiIlIiwic2l6ZSI6MTAwLCJzaXplcyI6W119LCJib3hlZF93aWR0aF90YWJsZXQiOnsidW5pdCI6IiUiLCJzaXplIjoiIiwic2l6ZXMiOltdfSwiYm94ZWRfd2lkdGhfbW9iaWxlIjp7InVuaXQiOiIlIiwic2l6ZSI6IiIsInNpemVzIjpbXX0sImZsZXhfZGlyZWN0aW9uIjoicm93IiwiZmxleF9qdXN0aWZ5X2NvbnRlbnQiOiJjZW50ZXIiLCJmbGV4X2FsaWduX2l0ZW1zIjoiY2VudGVyIiwiZmxleF9nYXAiOnsiY29sdW1uIjoiMjAiLCJyb3ciOiIyMCIsImlzTGlua2VkIjp0cnVlLCJ1bml0IjoicHgiLCJzaXplIjoyMH0sImZsZXhfd3JhcCI6Im5vd3JhcCIsIm1hcmdpbiI6eyJ1bml0IjoicHgiLCJ0b3AiOiIxMDAiLCJyaWdodCI6IjAiLCJib3R0b20iOiIwIiwibGVmdCI6IjAiLCJpc0xpbmtlZCI6ZmFsc2V9LCJtYXJnaW5fbW9iaWxlIjp7InVuaXQiOiJweCIsInRvcCI6IjAiLCJyaWdodCI6IjAiLCJib3R0b20iOiIwIiwibGVmdCI6IjAiLCJpc0xpbmtlZCI6ZmFsc2V9fSwiZWxlbWVudHMiOlt7ImlkIjoiYTQ5YmM4YiIsImVsVHlwZSI6IndpZGdldCIsInNldHRpbmdzIjp7InRpdGxlIjoiV2lsbGtvbW1lbiBiZWkgZGVyIFNwaWVsZ3J1cHBlIFJhc3NlbGJhbmRpICAgIiwiYWxpZ24iOiJjZW50ZXIiLCJ0eXBvZ3JhcGh5X3R5cG9ncmFwaHkiOiJjdXN0b20iLCJ0eXBvZ3JhcGh5X2ZvbnRfZmFtaWx5IjoiQWxsYW4iLCJ0eXBvZ3JhcGh5X2ZvbnRfd2VpZ2h0IjoiNjAwIiwidHlwb2dyYXBoeV9mb250X3NpemVfbW9iaWxlIjp7InVuaXQiOiJweCIsInNpemUiOjE4LCJzaXplcyI6W119LCJ0eXBvZ3JhcGh5X2ZvbnRfc2l6ZSI6eyJ1bml0IjoicHgiLCJzaXplIjozNSwic2l6ZXMiOltdfX0sImVsZW1lbnRzIjpbXSwid2lkZ2V0VHlwZSI6ImhlYWRpbmcifV0sImlzSW5uZXIiOnRydWV9LHsiaWQiOiI5ZjYwMWZkIiwiZWxUeXBlIjoiY29udGFpbmVyIiwic2V0dGluZ3MiOnsiY29udGVudF93aWR0aCI6ImZ1bGwiLCJ3aWR0aCI6eyJ1bml0IjoiJSIsInNpemUiOjgwLCJzaXplcyI6W119LCJ3aWR0aF90YWJsZXQiOnsidW5pdCI6IiUiLCJzaXplIjoiIiwic2l6ZXMiOltdfSwid2lkdGhfbW9iaWxlIjp7InVuaXQiOiIlIiwic2l6ZSI6IiIsInNpemVzIjpbXX0sImJveGVkX3dpZHRoIjp7InVuaXQiOiJweCIsInNpemUiOjgwMCwic2l6ZXMiOltdfSwiYm94ZWRfd2lkdGhfdGFibGV0Ijp7InVuaXQiOiIlIiwic2l6ZSI6IiIsInNpemVzIjpbXX0sImJveGVkX3dpZHRoX21vYmlsZSI6eyJ1bml0IjoiJSIsInNpemUiOiIiLCJzaXplcyI6W119LCJmbGV4X2RpcmVjdGlvbiI6InJvdyIsImZsZXhfanVzdGlmeV9jb250ZW50IjoiY2VudGVyIiwiZmxleF9hbGlnbl9pdGVtcyI6ImNlbnRlciIsImZsZXhfZ2FwIjp7ImNvbHVtbiI6IjIwIiwicm93IjoiMjAiLCJpc0xpbmtlZCI6dHJ1ZSwidW5pdCI6InB4Iiwic2l6ZSI6MjB9LCJiYWNrZ3JvdW5kX2JhY2tncm91bmQiOiJjbGFzc2ljIiwiYmFja2dyb3VuZF9jb2xvciI6IiNBOEQ4NUYiLCJib3JkZXJfYm9yZGVyIjoic29saWQiLCJib3JkZXJfd2lkdGgiOnsidW5pdCI6InB4IiwidG9wIjoiMTAiLCJyaWdodCI6IjEwIiwiYm90dG9tIjoiMTAiLCJsZWZ0IjoiMTAiLCJpc0xpbmtlZCI6dHJ1ZX0sImJvcmRlcl9jb2xvciI6IiNDN0U2MUEiLCJib3JkZXJfcmFkaXVzIjp7InVuaXQiOiJweCIsInRvcCI6IjEwIiwicmlnaHQiOiIxMCIsImJvdHRvbSI6IjEwIiwibGVmdCI6IjEwIiwiaXNMaW5rZWQiOnRydWV9LCJtYXJnaW4iOnsidW5pdCI6InB4IiwidG9wIjoiMTAwIiwicmlnaHQiOiIxMDAiLCJib3R0b20iOiIxMDAiLCJsZWZ0IjoiMTAwIiwiaXNMaW5rZWQiOnRydWV9LCJwYWRkaW5nIjp7InVuaXQiOiJweCIsInRvcCI6IjIwIiwicmlnaHQiOiIyMCIsImJvdHRvbSI6IjIwIiwibGVmdCI6IjIwIiwiaXNMaW5rZWQiOnRydWV9LCJtYXJnaW5fbW9iaWxlIjp7InVuaXQiOiJweCIsInRvcCI6IjAiLCJyaWdodCI6IjAiLCJib3R0b20iOiIwIiwibGVmdCI6IjAiLCJpc0xpbmtlZCI6ZmFsc2V9fSwiZWxlbWVudHMiOlt7ImlkIjoiMGZkMGMzMyIsImVsVHlwZSI6IndpZGdldCIsInNldHRpbmdzIjp7ImVkaXRvciI6IjxwPjxzcGFuIHN0eWxlPVwiY29sb3I6ICNmZmZmZmY7XCI+QUtUVUVMTDo8XC9zcGFuPjxcL3A+PHA+PHNwYW4gc3R5bGU9XCJjb2xvcjogI2ZmZmZmZjtcIj5GcmVpZSBQbFx1MDBlNHR6ZSBmXHUwMGZjciBkYXMgU3BpZWxncnVwcGVuamFociAyMDI2XC8yMDI3IHZlcmZcdTAwZmNnYmFyPFwvc3Bhbj48XC9wPjxwPlx1MjAyNmVpbmZhY2ggS2luZCBzZWluIGRcdTAwZmNyZmVuIHVuZCBkaWUgV2VsdCBtaXQgYWxsZW4gU2lubmVuIGVudGRlY2tlbi48XC9wPjxwPlZJRUxFU1x1MDBhMCBLQU5OXHUwMGEwIFx1MjAxM1x1MDBhMCBOSUNIVFMgTVVTUzxcL3A+PHA+RGllIHBcdTAwZTRkYWdvZ2lzY2hlbiBBa3Rpdml0XHUwMGU0dGVuIGltIHNwaWVsZXJpc2NoZW4sIG11c2lzY2hlbiwgc296aWFsZW4gdW5kIGtyZWF0aXZlbiBCZXJlaWNoIHNpbmQgZlx1MDBmY3IgZGllIEtpbmRlciBmcmVpd2lsbGlnLCBzbyBkYXNzIGRhcyBLaW5kIGRpZSBNXHUwMGY2Z2xpY2hrZWl0IGhhdCwgc2ljaCB6dXJcdTAwZmNjayB6dSB6aWVoZW4sIHp1IGJlb2JhY2h0ZW4sIHNlaW5lbiBlaWdlbmVuIFJoeXRobXVzIHp1IGxlYmVuIHVuZCBhdWYgc2VpbmUgQXJ0IGFtIEdlc2NoZWhlbiB0ZWlsenVuZWhtZW4uPFwvcD48cD5VbnNlciBBbmdlYm90IHJpY2h0ZXQgc2ljaCBhbiBLaW5kZXIgYWIgMiBKYWhyZW4gKGF1c3NlciBEaWVuc3RhZyBOYWNobWl0dGFnIHVuZCBEb25uZXJzdGFnIE5hY2htaXRhZykgYmlzIHp1bSBLaW5kZXJnYXJ0ZW5laW50cml0dC4gU29sbHRlIElociBLaW5kIG5vY2ggV2luZGVsbiB0cmFnZW4sIGlzdCBkYXMgYWJzb2x1dCBrZWluIFByb2JsZW0uPFwvcD4iLCJhbGlnbiI6ImNlbnRlciIsInR5cG9ncmFwaHlfdHlwb2dyYXBoeSI6ImN1c3RvbSIsInR5cG9ncmFwaHlfZm9udF9mYW1pbHkiOiJPcGVuIFNhbnMiLCJ0eXBvZ3JhcGh5X2ZvbnRfc2l6ZSI6eyJ1bml0IjoicHgiLCJzaXplIjoxNSwic2l6ZXMiOltdfSwidHlwb2dyYXBoeV9mb250X3dlaWdodCI6IjQwMCIsInR5cG9ncmFwaHlfbGluZV9oZWlnaHQiOnsidW5pdCI6ImVtIiwic2l6ZSI6Mi4xLCJzaXplcyI6W119LCJfcGFkZGluZyI6eyJ1bml0IjoicHgiLCJ0b3AiOiIxNSIsInJpZ2h0IjoiMTUiLCJib3R0b20iOiIxNSIsImxlZnQiOiIxNSIsImlzTGlua2VkIjp0cnVlfX0sImVsZW1lbnRzIjpbXSwid2lkZ2V0VHlwZSI6InRleHQtZWRpdG9yIn1dLCJpc0lubmVyIjp0cnVlfSx7ImlkIjoiZDdmMDIzYyIsImVsVHlwZSI6ImNvbnRhaW5lciIsInNldHRpbmdzIjp7ImNvbnRlbnRfd2lkdGgiOiJmdWxsIiwid2lkdGgiOnsidW5pdCI6IiUiLCJzaXplIjoxMDAsInNpemVzIjpbXX0sImZsZXhfZGlyZWN0aW9uIjoicm93IiwiZmxleF9qdXN0aWZ5X2NvbnRlbnQiOiJjZW50ZXIiLCJmbGV4X2FsaWduX2l0ZW1zIjoiY2VudGVyIiwiZmxleF9nYXAiOnsiY29sdW1uIjoiMjAiLCJyb3ciOiIyMCIsImlzTGlua2VkIjp0cnVlLCJ1bml0IjoicHgiLCJzaXplIjoyMH0sImZsZXhfd3JhcCI6Im5vd3JhcCIsIm1hcmdpbl9tb2JpbGUiOnsidW5pdCI6InB4IiwidG9wIjoiLTUwIiwicmlnaHQiOiIwIiwiYm90dG9tIjoiMCIsImxlZnQiOiIwIiwiaXNMaW5rZWQiOmZhbHNlfX0sImVsZW1lbnRzIjpbeyJpZCI6IjdlZDVjYjMiLCJlbFR5cGUiOiJ3aWRnZXQiLCJzZXR0aW5ncyI6eyJpbWFnZSI6eyJ1cmwiOiJodHRwczpcL1wvc2ctcmFzc2VsYmFuZGkuY2hcL3dwLWNvbnRlbnRcL3VwbG9hZHNcLzIwMjZcLzA0XC9LaW5kZXIucG5nIiwiaWQiOjY3Nywic2l6ZSI6IiIsImFsdCI6IiIsInNvdXJjZSI6ImxpYnJhcnkifSwiYWxpZ24iOiJjZW50ZXIiLCJ3aWR0aCI6eyJ1bml0IjoiJSIsInNpemUiOjEwMCwic2l6ZXMiOltdfSwic3BhY2UiOnsidW5pdCI6InB4Iiwic2l6ZSI6NDAwLCJzaXplcyI6W119LCJzcGFjZV90YWJsZXQiOnsidW5pdCI6InB4Iiwic2l6ZSI6IiIsInNpemVzIjpbXX0sInNwYWNlX21vYmlsZSI6eyJ1bml0IjoicHgiLCJzaXplIjoiIiwic2l6ZXMiOltdfX0sImVsZW1lbnRzIjpbXSwid2lkZ2V0VHlwZSI6ImltYWdlIn1dLCJpc0lubmVyIjp0cnVlfV0sImlzSW5uZXIiOmZhbHNlfV0C4ZTk\/AwB2wkAoPXZoAwBAAA=\",\"updateId\":995540935}","footnotes":""},"class_list":["post-9","page","type-page","status-publish","hentry"],"_links":{"self":[{"href":"https:\/\/sg-rasselbandi.ch\/index.php?rest_route=\/wp\/v2\/pages\/9","targetHints":{"allow":["GET"]}}],"collection":[{"href":"https:\/\/sg-rasselbandi.ch\/index.php?rest_route=\/wp\/v2\/pages"}],"about":[{"href":"https:\/\/sg-rasselbandi.ch\/index.php?rest_route=\/wp\/v2\/types\/page"}],"author":[{"embeddable":true,"href":"https:\/\/sg-rasselbandi.ch\/index.php?rest_route=\/wp\/v2\/users\/1"}],"replies":[{"embeddable":true,"href":"https:\/\/sg-rasselbandi.ch\/index.php?rest_route=%2Fwp%2Fv2%2Fcomments&post=9"}],"version-history":[{"count":70,"href":"https:\/\/sg-rasselbandi.ch\/index.php?rest_route=\/wp\/v2\/pages\/9\/revisions"}],"predecessor-version":[{"id":1713,"href":"https:\/\/sg-rasselbandi.ch\/index.php?rest_route=\/wp\/v2\/pages\/9\/revisions\/1713"}],"wp:attachment":[{"href":"https:\/\/sg-rasselbandi.ch\/index.php?rest_route=%2Fwp%2Fv2%2Fmedia&parent=9"}],"curies":[{"name":"wp","href":"https:\/\/api.w.org\/{rel}","templated":true}]}}